{"id":8194,"date":"2025-02-05T19:40:06","date_gmt":"2025-02-05T19:40:06","guid":{"rendered":"https:\/\/grappling-italia.com\/shop\/?post_type=product&#038;p=8194"},"modified":"2025-02-24T11:57:48","modified_gmt":"2025-02-24T11:57:48","slug":"manuel-pilato-k-guard","status":"publish","type":"product","link":"https:\/\/grappling-italia.com\/shop\/prodotto\/manuel-pilato-k-guard\/","title":{"rendered":"Manuel Pilato &#8211; K Guard"},"content":{"rendered":"<p>Il Sistema Completo per la K Guard No-Gi con Manuel Pilato<\/p>\n<p>Scopri un sistema di guardia no-gi efficace contro avversari molto veloci e bravi passatori: ti permette di limitarne il movimento, attaccare, sweepare e prendere a schiena.<br \/>\nInsegnante di eccezione: Manuel Pilato.<\/p>\n<p>Pensi a K guard immagini qualcosa di complesso. In questo caso invece parliamo di qualcosa di SEMPLICE, APPLICABILE da subito ed AD ALTA PERCENTUALE (come notarai nei video commentati di Bonus &#8211; che da soli valgono oro)<\/p>\n<p><strong>Impara una strategia collaudata di:<\/strong><\/p>\n<ul>\n<li>Attacchi, back takes e sweep per ribaltare qualsiasi situazione, anche quando stai accuando la stanchezza<\/li>\n<li>Questa posizione ti permetter\u00e0 di implementare guardia chiusa, mezzaguaria e in genere tutte le guardie di base<\/li>\n<li>Un sistema chiaro e strutturato per costruire un gioco efficace dalla K Guard<\/li>\n<li>Soluzioni per affrontare avversari in piedi, inginocchiati o in fase di passaggio<\/li>\n<\/ul>\n<h2>Perch\u00e9 la K Guard \u00e8 un\u2019arma micidiale?<\/h2>\n<p>La K Guard ti permette di bloccare il gioco di un avversario pi\u00f9 rapido pur lasciandoti libero di attaccare in maniera imprevedibile, aprendo la strada a finalizzazioni a braccia e gambe: Questa posizione ti d\u00e0 spazio, crea angoli e protegge dai passaggi, rendendola perfetta anche per grappler pi\u00f9 leggeri contro avversari pi\u00f9 pesanti.<\/p>\n<p><strong>Adatta a OGNI cintura.<\/strong><\/p>\n<p>Manuel Pilato svela ogni dettaglio di questa strategia, dagli ingressi pi\u00f9 sicuri alle combinazioni pi\u00f9 efficaci per armbar, leg locks, sweep e prese alla schiena mostrandoti esattamente come sfruttare al meglio questa posizione.<\/p>\n<h2>Programma del corso<\/h2>\n<ul>\n<li>Intro<\/li>\n<li>Entrate<\/li>\n<li>K guard avversario in ginocchio<\/li>\n<li>K guard dalla guardia aperta<\/li>\n<li>K guard \/ mezza guardia<\/li>\n<li>Attacchi<\/li>\n<li>Armbar<\/li>\n<li>Triangolo<\/li>\n<li>Backtake<\/li>\n<li>Backside 5050<\/li>\n<li>Pointer<\/li>\n<li>2su1 avversario in ginocchio<\/li>\n<li>2su1 gamba vicina<\/li>\n<li>Avversario toglie la gamba attacante<\/li>\n<li>Avversario difende con sprawl<\/li>\n<li>Avversario tenta crossface<\/li>\n<li>Bonus1\/2<\/li>\n<li>Rolling + commentary<\/li>\n<li>Conclusioni<\/li>\n<\/ul>\n<h2>Riassumendo: Cosa troverai in questo corso.<\/h2>\n<ul>\n<li>Strategie e schemi di gioco per trovare la K Guard da diverse posizioni<\/li>\n<li>Tecniche e dettagli nascosti per massimizzare l\u2019efficacia dei tuoi attacchi<\/li>\n<li>Analisi del rolling con spiegazioni in tempo reale<\/li>\n<li>Soluzioni ai problemi pi\u00f9 comuni per evitare errori e migliorare rapidamente<\/li>\n<\/ul>\n<h2>Commentary? E che roba \u00e8?<\/h2>\n<p>Quando diciamo che sono Semplici, applicabili da subito ed ad alta percentuale diciamo il vero:<\/p>\n<h2>Commentary? E che roba \u00e8?<\/h2>\n<p>Quando diciamo che sono Semplici, applicabili da subito ed ad alta percentuale diciamo il vero:<\/p>\n<p><iframe title=\"Manuel Pilato - Commentary su come usare la K-guard\" width=\"1290\" height=\"726\" src=\"https:\/\/www.youtube.com\/embed\/yHDoVEhfzEw?feature=oembed\" frameborder=\"0\" allow=\"accelerometer; autoplay; clipboard-write; encrypted-media; gyroscope; picture-in-picture; web-share\" referrerpolicy=\"strict-origin-when-cross-origin\" allowfullscreen><\/iframe><\/p>\n","protected":false},"excerpt":{"rendered":"<p>Il Sistema Completo per la K Guard No-Gi con Manuel Pilato: Scopri un sistema di guardia no-gi efficace contro avversari molto veloci e bravi passatori. Ti permette di limitarne il movimento, attaccare, sweepare e prendere a schiena.<\/p>\n<p>Pensi a K guard immagini qualcosa di complesso. In questo caso invece parliamo di qualcosa di SEMPLICE, APPLICABILE da subito ed AD ALTA PERCENTUALE (come notarai nei video commentati di Bonus &#8211; che da soli valgono oro)<\/p>\n<p>Cosa troverai in questo corso.<\/p>\n<ul>\n<li>Strategie e schemi di gioco per trovare la K Guard da diverse posizioni<\/li>\n<li>Tecniche e dettagli nascosti per massimizzare l\u2019efficacia dei tuoi attacchi<\/li>\n<li>Analisi del rolling con spiegazioni in tempo reale<\/li>\n<li>Soluzioni ai problemi pi\u00f9 comuni per evitare errori e migliorare rapidamente<\/li>\n<\/ul>\n<p>&nbsp;<\/p>\n<p><strong>Adatta a OGNI cintura.<\/strong><\/p>\n","protected":false},"featured_media":8195,"comment_status":"open","ping_status":"closed","template":"","meta":[],"product_brand":[144],"product_cat":[60,15],"product_tag":[132,150,131,151,152,149,101,147,89,148,107],"class_list":{"0":"post-8194","1":"product","2":"type-product","3":"status-publish","4":"has-post-thumbnail","6":"product_brand-submit","7":"product_cat-bjj-grappling","8":"product_cat-video","9":"product_tag-50-50","10":"product_tag-armbar","11":"product_tag-back-side-50-50","12":"product_tag-backtake","13":"product_tag-commentary","14":"product_tag-entrate","15":"product_tag-guardia","16":"product_tag-k-guard","17":"product_tag-manuel-pilato","18":"product_tag-set-up","19":"product_tag-triangolo","21":"first","22":"instock","23":"downloadable","24":"virtual","25":"purchasable","26":"product-type-simple"},"ct_brands":[{"id":144,"name":"Submit","slug":"submit"}],"_links":{"self":[{"href":"https:\/\/grappling-italia.com\/shop\/wp-json\/wp\/v2\/product\/8194","targetHints":{"allow":["GET"]}}],"collection":[{"href":"https:\/\/grappling-italia.com\/shop\/wp-json\/wp\/v2\/product"}],"about":[{"href":"https:\/\/grappling-italia.com\/shop\/wp-json\/wp\/v2\/types\/product"}],"replies":[{"embeddable":true,"href":"https:\/\/grappling-italia.com\/shop\/wp-json\/wp\/v2\/comments?post=8194"}],"version-history":[{"count":8,"href":"https:\/\/grappling-italia.com\/shop\/wp-json\/wp\/v2\/product\/8194\/revisions"}],"predecessor-version":[{"id":8310,"href":"https:\/\/grappling-italia.com\/shop\/wp-json\/wp\/v2\/product\/8194\/revisions\/8310"}],"wp:featuredmedia":[{"embeddable":true,"href":"https:\/\/grappling-italia.com\/shop\/wp-json\/wp\/v2\/media\/8195"}],"wp:attachment":[{"href":"https:\/\/grappling-italia.com\/shop\/wp-json\/wp\/v2\/media?parent=8194"}],"wp:term":[{"taxonomy":"product_brand","embeddable":true,"href":"https:\/\/grappling-italia.com\/shop\/wp-json\/wp\/v2\/product_brand?post=8194"},{"taxonomy":"product_cat","embeddable":true,"href":"https:\/\/grappling-italia.com\/shop\/wp-json\/wp\/v2\/product_cat?post=8194"},{"taxonomy":"product_tag","embeddable":true,"href":"https:\/\/grappling-italia.com\/shop\/wp-json\/wp\/v2\/product_tag?post=8194"}],"curies":[{"name":"wp","href":"https:\/\/api.w.org\/{rel}","templated":true}]}}